{"id":305,"date":"2025-05-18T14:43:08","date_gmt":"2025-05-18T12:43:08","guid":{"rendered":"https:\/\/kessler-pa.lu\/?page_id=305"},"modified":"2025-05-19T17:41:34","modified_gmt":"2025-05-19T15:41:34","slug":"agb","status":"publish","type":"page","link":"https:\/\/kessler-pa.lu\/en\/agb\/","title":{"rendered":"T&amp;C"},"content":{"rendered":"","protected":false},"excerpt":{"rendered":"","protected":false},"author":2,"featured_media":0,"parent":0,"menu_order":0,"comment_status":"closed","ping_status":"closed","template":"","meta":{"_acf_changed":false,"footnotes":""},"class_list":["post-305","page","type-page","status-publish","hentry"],"acf":[],"yoast_head":"<!-- This site is optimized with the Yoast SEO plugin v25.3.1 - https:\/\/yoast.com\/wordpress\/plugins\/seo\/ -->\n<title>Kessler S.\u00e0 r.l. | AGB<\/title>\n<meta name=\"description\" content=\"Allgemeine Gesch\u00e4ftsbedingungen der Kessler S.\u00e0 r.l.\" \/>\n<meta name=\"robots\" content=\"index, follow, max-snippet:-1, max-image-preview:large, max-video-preview:-1\" \/>\n<link rel=\"canonical\" href=\"https:\/\/kessler-pa.lu\/en\/agb\/\" \/>\n<meta property=\"og:locale\" content=\"en_GB\" \/>\n<meta property=\"og:type\" content=\"article\" \/>\n<meta property=\"og:title\" content=\"Kessler S.\u00e0 r.l. | AGB\" \/>\n<meta property=\"og:description\" content=\"Allgemeine Gesch\u00e4ftsbedingungen der Kessler S.\u00e0 r.l.\" \/>\n<meta property=\"og:url\" content=\"https:\/\/kessler-pa.lu\/en\/agb\/\" \/>\n<meta property=\"og:site_name\" content=\"Kessler S.\u00e0 r.l. | Create the future\" \/>\n<meta property=\"article:modified_time\" content=\"2025-05-19T15:41:34+00:00\" \/>\n<meta name=\"twitter:card\" content=\"summary_large_image\" \/>\n<meta name=\"twitter:label1\" content=\"Estimated reading time\" \/>\n\t<meta name=\"twitter:data1\" content=\"2 minutes\" \/>\n<script type=\"application\/ld+json\" class=\"yoast-schema-graph\">{\"@context\":\"https:\/\/schema.org\",\"@graph\":[{\"@type\":\"WebPage\",\"@id\":\"https:\/\/kessler-pa.lu\/agb\/\",\"url\":\"https:\/\/kessler-pa.lu\/agb\/\",\"name\":\"Kessler S.\u00e0 r.l. | AGB\",\"isPartOf\":{\"@id\":\"https:\/\/kessler-pa.lu\/#website\"},\"datePublished\":\"2025-05-18T12:43:08+00:00\",\"dateModified\":\"2025-05-19T15:41:34+00:00\",\"description\":\"Allgemeine Gesch\u00e4ftsbedingungen der Kessler S.\u00e0 r.l.\",\"breadcrumb\":{\"@id\":\"https:\/\/kessler-pa.lu\/agb\/#breadcrumb\"},\"inLanguage\":\"en-GB\",\"potentialAction\":[{\"@type\":\"ReadAction\",\"target\":[\"https:\/\/kessler-pa.lu\/agb\/\"]}]},{\"@type\":\"BreadcrumbList\",\"@id\":\"https:\/\/kessler-pa.lu\/agb\/#breadcrumb\",\"itemListElement\":[{\"@type\":\"ListItem\",\"position\":1,\"name\":\"Home\",\"item\":\"https:\/\/kessler-pa.lu\/\"},{\"@type\":\"ListItem\",\"position\":2,\"name\":\"AGB\"}]},{\"@type\":\"WebSite\",\"@id\":\"https:\/\/kessler-pa.lu\/#website\",\"url\":\"https:\/\/kessler-pa.lu\/\",\"name\":\"Kessler S.\u00e0 r.l. | Create the future\",\"description\":\"\",\"potentialAction\":[{\"@type\":\"SearchAction\",\"target\":{\"@type\":\"EntryPoint\",\"urlTemplate\":\"https:\/\/kessler-pa.lu\/?s={search_term_string}\"},\"query-input\":{\"@type\":\"PropertyValueSpecification\",\"valueRequired\":true,\"valueName\":\"search_term_string\"}}],\"inLanguage\":\"en-GB\"}]}<\/script>\n<!-- \/ Yoast SEO plugin. -->","yoast_head_json":{"title":"Kessler S.\u00e0 r.l. | AGB","description":"Allgemeine Gesch\u00e4ftsbedingungen der Kessler S.\u00e0 r.l.","robots":{"index":"index","follow":"follow","max-snippet":"max-snippet:-1","max-image-preview":"max-image-preview:large","max-video-preview":"max-video-preview:-1"},"canonical":"https:\/\/kessler-pa.lu\/en\/agb\/","og_locale":"en_GB","og_type":"article","og_title":"Kessler S.\u00e0 r.l. | AGB","og_description":"Allgemeine Gesch\u00e4ftsbedingungen der Kessler S.\u00e0 r.l.","og_url":"https:\/\/kessler-pa.lu\/en\/agb\/","og_site_name":"Kessler S.\u00e0 r.l. | Create the future","article_modified_time":"2025-05-19T15:41:34+00:00","twitter_card":"summary_large_image","twitter_misc":{"Estimated reading time":"2 minutes"},"schema":{"@context":"https:\/\/schema.org","@graph":[{"@type":"WebPage","@id":"https:\/\/kessler-pa.lu\/agb\/","url":"https:\/\/kessler-pa.lu\/agb\/","name":"Kessler S.\u00e0 r.l. | AGB","isPartOf":{"@id":"https:\/\/kessler-pa.lu\/#website"},"datePublished":"2025-05-18T12:43:08+00:00","dateModified":"2025-05-19T15:41:34+00:00","description":"Allgemeine Gesch\u00e4ftsbedingungen der Kessler S.\u00e0 r.l.","breadcrumb":{"@id":"https:\/\/kessler-pa.lu\/agb\/#breadcrumb"},"inLanguage":"en-GB","potentialAction":[{"@type":"ReadAction","target":["https:\/\/kessler-pa.lu\/agb\/"]}]},{"@type":"BreadcrumbList","@id":"https:\/\/kessler-pa.lu\/agb\/#breadcrumb","itemListElement":[{"@type":"ListItem","position":1,"name":"Home","item":"https:\/\/kessler-pa.lu\/"},{"@type":"ListItem","position":2,"name":"AGB"}]},{"@type":"WebSite","@id":"https:\/\/kessler-pa.lu\/#website","url":"https:\/\/kessler-pa.lu\/","name":"Kessler S.\u00e0 r.l. | Create the future","description":"","potentialAction":[{"@type":"SearchAction","target":{"@type":"EntryPoint","urlTemplate":"https:\/\/kessler-pa.lu\/?s={search_term_string}"},"query-input":{"@type":"PropertyValueSpecification","valueRequired":true,"valueName":"search_term_string"}}],"inLanguage":"en-GB"}]}},"_links":{"self":[{"href":"https:\/\/kessler-pa.lu\/en\/wp-json\/wp\/v2\/pages\/305","targetHints":{"allow":["GET"]}}],"collection":[{"href":"https:\/\/kessler-pa.lu\/en\/wp-json\/wp\/v2\/pages"}],"about":[{"href":"https:\/\/kessler-pa.lu\/en\/wp-json\/wp\/v2\/types\/page"}],"author":[{"embeddable":true,"href":"https:\/\/kessler-pa.lu\/en\/wp-json\/wp\/v2\/users\/2"}],"replies":[{"embeddable":true,"href":"https:\/\/kessler-pa.lu\/en\/wp-json\/wp\/v2\/comments?post=305"}],"version-history":[{"count":1,"href":"https:\/\/kessler-pa.lu\/en\/wp-json\/wp\/v2\/pages\/305\/revisions"}],"predecessor-version":[{"id":306,"href":"https:\/\/kessler-pa.lu\/en\/wp-json\/wp\/v2\/pages\/305\/revisions\/306"}],"wp:attachment":[{"href":"https:\/\/kessler-pa.lu\/en\/wp-json\/wp\/v2\/media?parent=305"}],"curies":[{"name":"wp","href":"https:\/\/api.w.org\/{rel}","templated":true}]}}